{"id":1051,"date":"2022-08-11T12:40:33","date_gmt":"2022-08-11T10:40:33","guid":{"rendered":"https:\/\/leclectiquetheatre.com\/?page_id=1051"},"modified":"2025-06-10T13:49:00","modified_gmt":"2025-06-10T11:49:00","slug":"dossiers","status":"publish","type":"page","link":"https:\/\/leclectiquetheatre.com\/?page_id=1051","title":{"rendered":"Dossiers"},"content":{"rendered":"\t\t<div data-elementor-type=\"wp-page\" data-elementor-id=\"1051\" class=\"elementor elementor-1051\">\n\t\t\t\t\t\t\t\t\t<section class=\"elementor-section elementor-top-section elementor-element elementor-element-3467606 elementor-section-boxed elementor-section-height-default elementor-section-height-default\" data-id=\"3467606\" data-element_type=\"section\" data-settings=\"{&quot;background_background&quot;:&quot;classic&quot;}\">\n\t\t\t\t\t\t<div class=\"elementor-container elementor-column-gap-default\">\n\t\t\t\t\t<div class=\"elementor-column elementor-col-100 elementor-top-column elementor-element elementor-element-dc7dd04\" data-id=\"dc7dd04\" data-element_type=\"column\">\n\t\t\t<div class=\"elementor-widget-wrap elementor-element-populated\">\n\t\t\t\t\t\t\t\t<div class=\"elementor-element elementor-element-a75bf51 elementor-widget-divider--view-line elementor-widget elementor-widget-divider\" data-id=\"a75bf51\" data-element_type=\"widget\" data-widget_type=\"divider.default\">\n\t\t\t\t<div class=\"elementor-widget-container\">\n\t\t\t<style>\/*! elementor - v3.16.0 - 14-09-2023 *\/\n.elementor-widget-divider{--divider-border-style:none;--divider-border-width:1px;--divider-color:#0c0d0e;--divider-icon-size:20px;--divider-element-spacing:10px;--divider-pattern-height:24px;--divider-pattern-size:20px;--divider-pattern-url:none;--divider-pattern-repeat:repeat-x}.elementor-widget-divider .elementor-divider{display:flex}.elementor-widget-divider .elementor-divider__text{font-size:15px;line-height:1;max-width:95%}.elementor-widget-divider .elementor-divider__element{margin:0 var(--divider-element-spacing);flex-shrink:0}.elementor-widget-divider .elementor-icon{font-size:var(--divider-icon-size)}.elementor-widget-divider .elementor-divider-separator{display:flex;margin:0;direction:ltr}.elementor-widget-divider--view-line_icon .elementor-divider-separator,.elementor-widget-divider--view-line_text .elementor-divider-separator{align-items:center}.elementor-widget-divider--view-line_icon .elementor-divider-separator:after,.elementor-widget-divider--view-line_icon .elementor-divider-separator:before,.elementor-widget-divider--view-line_text .elementor-divider-separator:after,.elementor-widget-divider--view-line_text .elementor-divider-separator:before{display:block;content:\"\";border-bottom:0;flex-grow:1;border-top:var(--divider-border-width) var(--divider-border-style) var(--divider-color)}.elementor-widget-divider--element-align-left .elementor-divider .elementor-divider-separator>.elementor-divider__svg:first-of-type{flex-grow:0;flex-shrink:100}.elementor-widget-divider--element-align-left .elementor-divider-separator:before{content:none}.elementor-widget-divider--element-align-left .elementor-divider__element{margin-left:0}.elementor-widget-divider--element-align-right .elementor-divider .elementor-divider-separator>.elementor-divider__svg:last-of-type{flex-grow:0;flex-shrink:100}.elementor-widget-divider--element-align-right .elementor-divider-separator:after{content:none}.elementor-widget-divider--element-align-right .elementor-divider__element{margin-right:0}.elementor-widget-divider:not(.elementor-widget-divider--view-line_text):not(.elementor-widget-divider--view-line_icon) .elementor-divider-separator{border-top:var(--divider-border-width) var(--divider-border-style) var(--divider-color)}.elementor-widget-divider--separator-type-pattern{--divider-border-style:none}.elementor-widget-divider--separator-type-pattern.elementor-widget-divider--view-line .elementor-divider-separator,.elementor-widget-divider--separator-type-pattern:not(.elementor-widget-divider--view-line) .elementor-divider-separator:after,.elementor-widget-divider--separator-type-pattern:not(.elementor-widget-divider--view-line) .elementor-divider-separator:before,.elementor-widget-divider--separator-type-pattern:not([class*=elementor-widget-divider--view]) .elementor-divider-separator{width:100%;min-height:var(--divider-pattern-height);-webkit-mask-size:var(--divider-pattern-size) 100%;mask-size:var(--divider-pattern-size) 100%;-webkit-mask-repeat:var(--divider-pattern-repeat);mask-repeat:var(--divider-pattern-repeat);background-color:var(--divider-color);-webkit-mask-image:var(--divider-pattern-url);mask-image:var(--divider-pattern-url)}.elementor-widget-divider--no-spacing{--divider-pattern-size:auto}.elementor-widget-divider--bg-round{--divider-pattern-repeat:round}.rtl .elementor-widget-divider .elementor-divider__text{direction:rtl}.e-con-inner>.elementor-widget-divider,.e-con>.elementor-widget-divider{width:var(--container-widget-width,100%);--flex-grow:var(--container-widget-flex-grow)}<\/style>\t\t<div class=\"elementor-divider\">\n\t\t\t<span class=\"elementor-divider-separator\">\n\t\t\t\t\t\t<\/span>\n\t\t<\/div>\n\t\t\t\t<\/div>\n\t\t\t\t<\/div>\n\t\t\t\t<div class=\"elementor-element elementor-element-3bd916f elementor-invisible elementor-widget elementor-widget-heading\" data-id=\"3bd916f\" data-element_type=\"widget\" data-settings=\"{&quot;_animation&quot;:&quot;fadeIn&quot;}\" data-widget_type=\"heading.default\">\n\t\t\t\t<div class=\"elementor-widget-container\">\n\t\t\t<style>\/*! elementor - v3.16.0 - 14-09-2023 *\/\n.elementor-heading-title{padding:0;margin:0;line-height:1}.elementor-widget-heading .elementor-heading-title[class*=elementor-size-]>a{color:inherit;font-size:inherit;line-height:inherit}.elementor-widget-heading .elementor-heading-title.elementor-size-small{font-size:15px}.elementor-widget-heading .elementor-heading-title.elementor-size-medium{font-size:19px}.elementor-widget-heading .elementor-heading-title.elementor-size-large{font-size:29px}.elementor-widget-heading .elementor-heading-title.elementor-size-xl{font-size:39px}.elementor-widget-heading .elementor-heading-title.elementor-size-xxl{font-size:59px}<\/style><h2 class=\"elementor-heading-title elementor-size-default\">L'ombre du Soufi<\/h2>\t\t<\/div>\n\t\t\t\t<\/div>\n\t\t\t\t<div class=\"elementor-element elementor-element-bbe8827 elementor-invisible elementor-widget elementor-widget-image\" data-id=\"bbe8827\" data-element_type=\"widget\" data-settings=\"{&quot;_animation&quot;:&quot;fadeIn&quot;}\" data-widget_type=\"image.default\">\n\t\t\t\t<div class=\"elementor-widget-container\">\n\t\t\t<style>\/*! elementor - v3.16.0 - 14-09-2023 *\/\n.elementor-widget-image{text-align:center}.elementor-widget-image a{display:inline-block}.elementor-widget-image a img[src$=\".svg\"]{width:48px}.elementor-widget-image img{vertical-align:middle;display:inline-block}<\/style>\t\t\t\t\t\t\t\t\t\t\t\t\t<a href=\"https:\/\/leclectiquetheatre.com\/wp-content\/uploads\/2022\/08\/Dossier-LOmbre-du-Soufi-projet-pedagogique.maill-2.pdf\">\n\t\t\t\t\t\t\t<img decoding=\"async\" loading=\"lazy\" width=\"595\" height=\"454\" src=\"https:\/\/leclectiquetheatre.com\/wp-content\/uploads\/2022\/01\/plaquette-Lombre-du-soufi-recto-mail.jpg\" class=\"attachment-large size-large wp-image-727\" alt=\"\" srcset=\"https:\/\/leclectiquetheatre.com\/wp-content\/uploads\/2022\/01\/plaquette-Lombre-du-soufi-recto-mail.jpg 595w, https:\/\/leclectiquetheatre.com\/wp-content\/uploads\/2022\/01\/plaquette-Lombre-du-soufi-recto-mail-300x229.jpg 300w\" sizes=\"(max-width: 595px) 100vw, 595px\" \/>\t\t\t\t\t\t\t\t<\/a>\n\t\t\t\t\t\t\t\t\t\t\t\t\t\t\t<\/div>\n\t\t\t\t<\/div>\n\t\t\t\t<div class=\"elementor-element elementor-element-bfd5394 elementor-view-default elementor-invisible elementor-widget elementor-widget-icon\" data-id=\"bfd5394\" data-element_type=\"widget\" data-settings=\"{&quot;_animation&quot;:&quot;fadeIn&quot;}\" data-widget_type=\"icon.default\">\n\t\t\t\t<div class=\"elementor-widget-container\">\n\t\t\t\t\t<div class=\"elementor-icon-wrapper\">\n\t\t\t<a class=\"elementor-icon\" href=\"https:\/\/leclectiquetheatre.com\/wp-content\/uploads\/2025\/06\/Dossier-Diffusion-LOmbre-du-Soufi-mail.pdf\">\n\t\t\t<i aria-hidden=\"true\" class=\"fas fa-file-download\"><\/i>\t\t\t<\/a>\n\t\t<\/div>\n\t\t\t\t<\/div>\n\t\t\t\t<\/div>\n\t\t\t\t\t<\/div>\n\t\t<\/div>\n\t\t\t\t\t\t\t<\/div>\n\t\t<\/section>\n\t\t\t\t<section class=\"elementor-section elementor-top-section elementor-element elementor-element-9b9a809 elementor-section-boxed elementor-section-height-default elementor-section-height-default\" data-id=\"9b9a809\" data-element_type=\"section\">\n\t\t\t\t\t\t<div class=\"elementor-container elementor-column-gap-default\">\n\t\t\t\t\t<div class=\"elementor-column elementor-col-100 elementor-top-column elementor-element elementor-element-27aea90\" data-id=\"27aea90\" data-element_type=\"column\">\n\t\t\t<div class=\"elementor-widget-wrap elementor-element-populated\">\n\t\t\t\t\t\t\t\t<div class=\"elementor-element elementor-element-9486ec8 elementor-widget-divider--view-line elementor-widget elementor-widget-divider\" data-id=\"9486ec8\" data-element_type=\"widget\" data-widget_type=\"divider.default\">\n\t\t\t\t<div class=\"elementor-widget-container\">\n\t\t\t\t\t<div class=\"elementor-divider\">\n\t\t\t<span class=\"elementor-divider-separator\">\n\t\t\t\t\t\t<\/span>\n\t\t<\/div>\n\t\t\t\t<\/div>\n\t\t\t\t<\/div>\n\t\t\t\t<div class=\"elementor-element elementor-element-8a557e0 elementor-invisible elementor-widget elementor-widget-heading\" data-id=\"8a557e0\" data-element_type=\"widget\" data-settings=\"{&quot;_animation&quot;:&quot;fadeIn&quot;}\" data-widget_type=\"heading.default\">\n\t\t\t\t<div class=\"elementor-widget-container\">\n\t\t\t<h2 class=\"elementor-heading-title elementor-size-default\">Volet P\u00e9dagogique \"L'ombre du Soufi\"<\/h2>\t\t<\/div>\n\t\t\t\t<\/div>\n\t\t\t\t\t<\/div>\n\t\t<\/div>\n\t\t\t\t\t\t\t<\/div>\n\t\t<\/section>\n\t\t\t\t<section class=\"elementor-section elementor-top-section elementor-element elementor-element-3cb10d6 elementor-section-boxed elementor-section-height-default elementor-section-height-default\" data-id=\"3cb10d6\" data-element_type=\"section\">\n\t\t\t\t\t\t<div class=\"elementor-container elementor-column-gap-default\">\n\t\t\t\t\t<div class=\"elementor-column elementor-col-100 elementor-top-column elementor-element elementor-element-8fa406f\" data-id=\"8fa406f\" data-element_type=\"column\">\n\t\t\t<div class=\"elementor-widget-wrap elementor-element-populated\">\n\t\t\t\t\t\t\t\t<div class=\"elementor-element elementor-element-632ecb3 elementor-invisible elementor-widget elementor-widget-image\" data-id=\"632ecb3\" data-element_type=\"widget\" data-settings=\"{&quot;_animation&quot;:&quot;fadeIn&quot;}\" data-widget_type=\"image.default\">\n\t\t\t\t<div class=\"elementor-widget-container\">\n\t\t\t\t\t\t\t\t\t\t\t\t\t\t\t\t<a href=\"https:\/\/leclectiquetheatre.com\/wp-content\/uploads\/2022\/08\/Volet-pedagogique-Lombre-du-Soufi.pdf\">\n\t\t\t\t\t\t\t<img decoding=\"async\" loading=\"lazy\" width=\"662\" height=\"562\" src=\"https:\/\/leclectiquetheatre.com\/wp-content\/uploads\/2022\/08\/Capture-decran-2022-08-17-112734.png\" class=\"attachment-large size-large wp-image-1226\" alt=\"\" srcset=\"https:\/\/leclectiquetheatre.com\/wp-content\/uploads\/2022\/08\/Capture-decran-2022-08-17-112734.png 662w, https:\/\/leclectiquetheatre.com\/wp-content\/uploads\/2022\/08\/Capture-decran-2022-08-17-112734-300x255.png 300w\" sizes=\"(max-width: 662px) 100vw, 662px\" \/>\t\t\t\t\t\t\t\t<\/a>\n\t\t\t\t\t\t\t\t\t\t\t\t\t\t\t<\/div>\n\t\t\t\t<\/div>\n\t\t\t\t<div class=\"elementor-element elementor-element-513b39d elementor-view-default elementor-invisible elementor-widget elementor-widget-icon\" data-id=\"513b39d\" data-element_type=\"widget\" data-settings=\"{&quot;_animation&quot;:&quot;fadeIn&quot;}\" data-widget_type=\"icon.default\">\n\t\t\t\t<div class=\"elementor-widget-container\">\n\t\t\t\t\t<div class=\"elementor-icon-wrapper\">\n\t\t\t<a class=\"elementor-icon\" href=\"https:\/\/leclectiquetheatre.com\/wp-content\/uploads\/2022\/08\/Volet-pedagogique-Lombre-du-Soufi.pdf\">\n\t\t\t<i aria-hidden=\"true\" class=\"fas fa-file-download\"><\/i>\t\t\t<\/a>\n\t\t<\/div>\n\t\t\t\t<\/div>\n\t\t\t\t<\/div>\n\t\t\t\t<div class=\"elementor-element elementor-element-2435422 elementor-widget-divider--view-line elementor-widget elementor-widget-divider\" data-id=\"2435422\" data-element_type=\"widget\" data-widget_type=\"divider.default\">\n\t\t\t\t<div class=\"elementor-widget-container\">\n\t\t\t\t\t<div class=\"elementor-divider\">\n\t\t\t<span class=\"elementor-divider-separator\">\n\t\t\t\t\t\t<\/span>\n\t\t<\/div>\n\t\t\t\t<\/div>\n\t\t\t\t<\/div>\n\t\t\t\t<div class=\"elementor-element elementor-element-a736126 elementor-invisible elementor-widget elementor-widget-heading\" data-id=\"a736126\" data-element_type=\"widget\" data-settings=\"{&quot;_animation&quot;:&quot;fadeIn&quot;}\" data-widget_type=\"heading.default\">\n\t\t\t\t<div class=\"elementor-widget-container\">\n\t\t\t<h2 class=\"elementor-heading-title elementor-size-default\">Sois exotique !<\/h2>\t\t<\/div>\n\t\t\t\t<\/div>\n\t\t\t\t<div class=\"elementor-element elementor-element-f58c714 elementor-invisible elementor-widget elementor-widget-image\" data-id=\"f58c714\" data-element_type=\"widget\" data-settings=\"{&quot;_animation&quot;:&quot;fadeIn&quot;}\" data-widget_type=\"image.default\">\n\t\t\t\t<div class=\"elementor-widget-container\">\n\t\t\t\t\t\t\t\t\t\t\t\t\t\t\t\t<a href=\"https:\/\/leclectiquetheatre.com\/wp-content\/uploads\/2022\/08\/Dossier-spectacle-sois-exotique-coco-.pdf\">\n\t\t\t\t\t\t\t<img decoding=\"async\" src=\"https:\/\/leclectiquetheatre.com\/wp-content\/uploads\/2025\/04\/Dossier-de-diffusion-SOIS-EXOTIQUE.pdf\" title=\"\" alt=\"\" loading=\"lazy\" \/>\t\t\t\t\t\t\t\t<\/a>\n\t\t\t\t\t\t\t\t\t\t\t\t\t\t\t<\/div>\n\t\t\t\t<\/div>\n\t\t\t\t<div class=\"elementor-element elementor-element-b323b53 elementor-view-default elementor-invisible elementor-widget elementor-widget-icon\" data-id=\"b323b53\" data-element_type=\"widget\" data-settings=\"{&quot;_animation&quot;:&quot;fadeIn&quot;}\" data-widget_type=\"icon.default\">\n\t\t\t\t<div class=\"elementor-widget-container\">\n\t\t\t\t\t<div class=\"elementor-icon-wrapper\">\n\t\t\t<a class=\"elementor-icon\" href=\"https:\/\/leclectiquetheatre.com\/wp-content\/uploads\/2025\/06\/Dossier-de-diffusion-SOIS-EXOTIQUE.pdf\">\n\t\t\t<i aria-hidden=\"true\" class=\"fas fa-file-download\"><\/i>\t\t\t<\/a>\n\t\t<\/div>\n\t\t\t\t<\/div>\n\t\t\t\t<\/div>\n\t\t\t\t\t<\/div>\n\t\t<\/div>\n\t\t\t\t\t\t\t<\/div>\n\t\t<\/section>\n\t\t\t\t<section class=\"elementor-section elementor-top-section elementor-element elementor-element-6377bb5 elementor-section-boxed elementor-section-height-default elementor-section-height-default\" data-id=\"6377bb5\" data-element_type=\"section\">\n\t\t\t\t\t\t<div class=\"elementor-container elementor-column-gap-default\">\n\t\t\t\t\t<div class=\"elementor-column elementor-col-100 elementor-top-column elementor-element elementor-element-f9ea9d2\" data-id=\"f9ea9d2\" data-element_type=\"column\">\n\t\t\t<div class=\"elementor-widget-wrap elementor-element-populated\">\n\t\t\t\t\t\t\t\t<div class=\"elementor-element elementor-element-b697c8e elementor-widget-divider--view-line elementor-widget elementor-widget-divider\" data-id=\"b697c8e\" data-element_type=\"widget\" data-widget_type=\"divider.default\">\n\t\t\t\t<div class=\"elementor-widget-container\">\n\t\t\t\t\t<div class=\"elementor-divider\">\n\t\t\t<span class=\"elementor-divider-separator\">\n\t\t\t\t\t\t<\/span>\n\t\t<\/div>\n\t\t\t\t<\/div>\n\t\t\t\t<\/div>\n\t\t\t\t<div class=\"elementor-element elementor-element-69bf514 elementor-invisible elementor-widget elementor-widget-heading\" data-id=\"69bf514\" data-element_type=\"widget\" data-settings=\"{&quot;_animation&quot;:&quot;fadeIn&quot;}\" data-widget_type=\"heading.default\">\n\t\t\t\t<div class=\"elementor-widget-container\">\n\t\t\t<h2 class=\"elementor-heading-title elementor-size-default\">Volet p\u00e9dagogique \"Sois exotique coco !\"<\/h2>\t\t<\/div>\n\t\t\t\t<\/div>\n\t\t\t\t<div class=\"elementor-element elementor-element-e1e3102 elementor-invisible elementor-widget elementor-widget-image\" data-id=\"e1e3102\" data-element_type=\"widget\" data-settings=\"{&quot;_animation&quot;:&quot;fadeIn&quot;}\" data-widget_type=\"image.default\">\n\t\t\t\t<div class=\"elementor-widget-container\">\n\t\t\t\t\t\t\t\t\t\t\t\t\t\t\t\t<a href=\"https:\/\/leclectiquetheatre.com\/wp-content\/uploads\/2022\/08\/Volet-pedagogique-sois-exotique-coco.pdf\">\n\t\t\t\t\t\t\t<img decoding=\"async\" loading=\"lazy\" width=\"872\" height=\"766\" src=\"https:\/\/leclectiquetheatre.com\/wp-content\/uploads\/2022\/08\/proj-pedago.png\" class=\"attachment-large size-large wp-image-1113\" alt=\"\" srcset=\"https:\/\/leclectiquetheatre.com\/wp-content\/uploads\/2022\/08\/proj-pedago.png 872w, https:\/\/leclectiquetheatre.com\/wp-content\/uploads\/2022\/08\/proj-pedago-300x264.png 300w, https:\/\/leclectiquetheatre.com\/wp-content\/uploads\/2022\/08\/proj-pedago-768x675.png 768w\" sizes=\"(max-width: 872px) 100vw, 872px\" \/>\t\t\t\t\t\t\t\t<\/a>\n\t\t\t\t\t\t\t\t\t\t\t\t\t\t\t<\/div>\n\t\t\t\t<\/div>\n\t\t\t\t<div class=\"elementor-element elementor-element-1f70397 elementor-view-default elementor-invisible elementor-widget elementor-widget-icon\" data-id=\"1f70397\" data-element_type=\"widget\" data-settings=\"{&quot;_animation&quot;:&quot;fadeIn&quot;}\" data-widget_type=\"icon.default\">\n\t\t\t\t<div class=\"elementor-widget-container\">\n\t\t\t\t\t<div class=\"elementor-icon-wrapper\">\n\t\t\t<a class=\"elementor-icon\" href=\"https:\/\/leclectiquetheatre.com\/wp-content\/uploads\/2022\/08\/Volet-pedagogique-sois-exotique-coco.pdf\">\n\t\t\t<i aria-hidden=\"true\" class=\"fas fa-file-download\"><\/i>\t\t\t<\/a>\n\t\t<\/div>\n\t\t\t\t<\/div>\n\t\t\t\t<\/div>\n\t\t\t\t\t<\/div>\n\t\t<\/div>\n\t\t\t\t\t\t\t<\/div>\n\t\t<\/section>\n\t\t\t\t<section class=\"elementor-section elementor-top-section elementor-element elementor-element-6b34ffd elementor-section-boxed elementor-section-height-default elementor-section-height-default\" data-id=\"6b34ffd\" data-element_type=\"section\">\n\t\t\t\t\t\t<div class=\"elementor-container elementor-column-gap-default\">\n\t\t\t\t\t<div class=\"elementor-column elementor-col-100 elementor-top-column elementor-element elementor-element-e5ef22a\" data-id=\"e5ef22a\" data-element_type=\"column\">\n\t\t\t<div class=\"elementor-widget-wrap elementor-element-populated\">\n\t\t\t\t\t\t\t\t<div class=\"elementor-element elementor-element-52c9fdc elementor-widget-divider--view-line elementor-widget elementor-widget-divider\" data-id=\"52c9fdc\" data-element_type=\"widget\" data-widget_type=\"divider.default\">\n\t\t\t\t<div class=\"elementor-widget-container\">\n\t\t\t\t\t<div class=\"elementor-divider\">\n\t\t\t<span class=\"elementor-divider-separator\">\n\t\t\t\t\t\t<\/span>\n\t\t<\/div>\n\t\t\t\t<\/div>\n\t\t\t\t<\/div>\n\t\t\t\t\t<\/div>\n\t\t<\/div>\n\t\t\t\t\t\t\t<\/div>\n\t\t<\/section>\n\t\t\t\t\t\t\t<\/div>\n\t\t","protected":false},"excerpt":{"rendered":"<p>L&rsquo;ombre du Soufi Volet P\u00e9dagogique \u00ab\u00a0L&rsquo;ombre du Soufi\u00a0\u00bb Sois exotique ! Volet p\u00e9dagogique \u00ab\u00a0Sois exotique coco !\u00a0\u00bb<\/p>\n","protected":false},"author":1,"featured_media":0,"parent":0,"menu_order":0,"comment_status":"closed","ping_status":"closed","template":"","meta":{"footnotes":""},"yoast_head":"<!-- This site is optimized with the Yoast SEO plugin v21.2 - https:\/\/yoast.com\/wordpress\/plugins\/seo\/ -->\n<title>Dossiers - L&#039;\u00c9CLECTIQUE TH\u00c9\u00c2TRE<\/title>\n<meta name=\"robots\" content=\"index, follow, max-snippet:-1, max-image-preview:large, max-video-preview:-1\" \/>\n<link rel=\"canonical\" href=\"https:\/\/leclectiquetheatre.com\/?page_id=1051\" \/>\n<meta property=\"og:locale\" content=\"fr_FR\" \/>\n<meta property=\"og:type\" content=\"article\" \/>\n<meta property=\"og:title\" content=\"Dossiers - L&#039;\u00c9CLECTIQUE TH\u00c9\u00c2TRE\" \/>\n<meta property=\"og:description\" content=\"L&rsquo;ombre du Soufi Volet P\u00e9dagogique \u00ab\u00a0L&rsquo;ombre du Soufi\u00a0\u00bb Sois exotique ! Volet p\u00e9dagogique \u00ab\u00a0Sois exotique coco !\u00a0\u00bb\" \/>\n<meta property=\"og:url\" content=\"https:\/\/leclectiquetheatre.com\/?page_id=1051\" \/>\n<meta property=\"og:site_name\" content=\"L&#039;\u00c9CLECTIQUE TH\u00c9\u00c2TRE\" \/>\n<meta property=\"article:modified_time\" content=\"2025-06-10T11:49:00+00:00\" \/>\n<meta property=\"og:image\" content=\"https:\/\/leclectiquetheatre.com\/wp-content\/uploads\/2022\/01\/plaquette-Lombre-du-soufi-recto-mail.jpg\" \/>\n<meta name=\"twitter:card\" content=\"summary_large_image\" \/>\n<meta name=\"twitter:label1\" content=\"Dur\u00e9e de lecture estim\u00e9e\" \/>\n\t<meta name=\"twitter:data1\" content=\"1 minute\" \/>\n<script type=\"application\/ld+json\" class=\"yoast-schema-graph\">{\"@context\":\"https:\/\/schema.org\",\"@graph\":[{\"@type\":\"WebPage\",\"@id\":\"https:\/\/leclectiquetheatre.com\/?page_id=1051\",\"url\":\"https:\/\/leclectiquetheatre.com\/?page_id=1051\",\"name\":\"Dossiers - L&#039;\u00c9CLECTIQUE TH\u00c9\u00c2TRE\",\"isPartOf\":{\"@id\":\"https:\/\/leclectiquetheatre.com\/#website\"},\"datePublished\":\"2022-08-11T10:40:33+00:00\",\"dateModified\":\"2025-06-10T11:49:00+00:00\",\"breadcrumb\":{\"@id\":\"https:\/\/leclectiquetheatre.com\/?page_id=1051#breadcrumb\"},\"inLanguage\":\"fr-FR\",\"potentialAction\":[{\"@type\":\"ReadAction\",\"target\":[\"https:\/\/leclectiquetheatre.com\/?page_id=1051\"]}]},{\"@type\":\"BreadcrumbList\",\"@id\":\"https:\/\/leclectiquetheatre.com\/?page_id=1051#breadcrumb\",\"itemListElement\":[{\"@type\":\"ListItem\",\"position\":1,\"name\":\"Accueil\",\"item\":\"https:\/\/leclectiquetheatre.com\/\"},{\"@type\":\"ListItem\",\"position\":2,\"name\":\"Dossiers\"}]},{\"@type\":\"WebSite\",\"@id\":\"https:\/\/leclectiquetheatre.com\/#website\",\"url\":\"https:\/\/leclectiquetheatre.com\/\",\"name\":\"L&#039;\u00c9CLECTIQUE TH\u00c9\u00c2TRE\",\"description\":\"\",\"potentialAction\":[{\"@type\":\"SearchAction\",\"target\":{\"@type\":\"EntryPoint\",\"urlTemplate\":\"https:\/\/leclectiquetheatre.com\/?s={search_term_string}\"},\"query-input\":\"required name=search_term_string\"}],\"inLanguage\":\"fr-FR\"}]}<\/script>\n<!-- \/ Yoast SEO plugin. -->","yoast_head_json":{"title":"Dossiers - L&#039;\u00c9CLECTIQUE TH\u00c9\u00c2TRE","robots":{"index":"index","follow":"follow","max-snippet":"max-snippet:-1","max-image-preview":"max-image-preview:large","max-video-preview":"max-video-preview:-1"},"canonical":"https:\/\/leclectiquetheatre.com\/?page_id=1051","og_locale":"fr_FR","og_type":"article","og_title":"Dossiers - L&#039;\u00c9CLECTIQUE TH\u00c9\u00c2TRE","og_description":"L&rsquo;ombre du Soufi Volet P\u00e9dagogique \u00ab\u00a0L&rsquo;ombre du Soufi\u00a0\u00bb Sois exotique ! Volet p\u00e9dagogique \u00ab\u00a0Sois exotique coco !\u00a0\u00bb","og_url":"https:\/\/leclectiquetheatre.com\/?page_id=1051","og_site_name":"L&#039;\u00c9CLECTIQUE TH\u00c9\u00c2TRE","article_modified_time":"2025-06-10T11:49:00+00:00","og_image":[{"url":"https:\/\/leclectiquetheatre.com\/wp-content\/uploads\/2022\/01\/plaquette-Lombre-du-soufi-recto-mail.jpg"}],"twitter_card":"summary_large_image","twitter_misc":{"Dur\u00e9e de lecture estim\u00e9e":"1 minute"},"schema":{"@context":"https:\/\/schema.org","@graph":[{"@type":"WebPage","@id":"https:\/\/leclectiquetheatre.com\/?page_id=1051","url":"https:\/\/leclectiquetheatre.com\/?page_id=1051","name":"Dossiers - L&#039;\u00c9CLECTIQUE TH\u00c9\u00c2TRE","isPartOf":{"@id":"https:\/\/leclectiquetheatre.com\/#website"},"datePublished":"2022-08-11T10:40:33+00:00","dateModified":"2025-06-10T11:49:00+00:00","breadcrumb":{"@id":"https:\/\/leclectiquetheatre.com\/?page_id=1051#breadcrumb"},"inLanguage":"fr-FR","potentialAction":[{"@type":"ReadAction","target":["https:\/\/leclectiquetheatre.com\/?page_id=1051"]}]},{"@type":"BreadcrumbList","@id":"https:\/\/leclectiquetheatre.com\/?page_id=1051#breadcrumb","itemListElement":[{"@type":"ListItem","position":1,"name":"Accueil","item":"https:\/\/leclectiquetheatre.com\/"},{"@type":"ListItem","position":2,"name":"Dossiers"}]},{"@type":"WebSite","@id":"https:\/\/leclectiquetheatre.com\/#website","url":"https:\/\/leclectiquetheatre.com\/","name":"L&#039;\u00c9CLECTIQUE TH\u00c9\u00c2TRE","description":"","potentialAction":[{"@type":"SearchAction","target":{"@type":"EntryPoint","urlTemplate":"https:\/\/leclectiquetheatre.com\/?s={search_term_string}"},"query-input":"required name=search_term_string"}],"inLanguage":"fr-FR"}]}},"_links":{"self":[{"href":"https:\/\/leclectiquetheatre.com\/index.php?rest_route=\/wp\/v2\/pages\/1051"}],"collection":[{"href":"https:\/\/leclectiquetheatre.com\/index.php?rest_route=\/wp\/v2\/pages"}],"about":[{"href":"https:\/\/leclectiquetheatre.com\/index.php?rest_route=\/wp\/v2\/types\/page"}],"author":[{"embeddable":true,"href":"https:\/\/leclectiquetheatre.com\/index.php?rest_route=\/wp\/v2\/users\/1"}],"replies":[{"embeddable":true,"href":"https:\/\/leclectiquetheatre.com\/index.php?rest_route=%2Fwp%2Fv2%2Fcomments&post=1051"}],"version-history":[{"count":72,"href":"https:\/\/leclectiquetheatre.com\/index.php?rest_route=\/wp\/v2\/pages\/1051\/revisions"}],"predecessor-version":[{"id":1492,"href":"https:\/\/leclectiquetheatre.com\/index.php?rest_route=\/wp\/v2\/pages\/1051\/revisions\/1492"}],"wp:attachment":[{"href":"https:\/\/leclectiquetheatre.com\/index.php?rest_route=%2Fwp%2Fv2%2Fmedia&parent=1051"}],"curies":[{"name":"wp","href":"https:\/\/api.w.org\/{rel}","templated":true}]}}